{"id":418,"date":"2018-05-24T16:30:40","date_gmt":"2018-05-24T14:30:40","guid":{"rendered":"http:\/\/168.119.118.228\/?page_id=418"},"modified":"2018-05-25T10:36:02","modified_gmt":"2018-05-25T08:36:02","slug":"privacy","status":"publish","type":"page","link":"https:\/\/www.prstrading.eu\/de\/privacy\/","title":{"rendered":"Datenschutzerkl\u00e4rung"},"content":{"rendered":"<div id=\"pl-418\"  class=\"panel-layout\" ><div id=\"pg-418-0\"  class=\"panel-grid panel-has-style\" ><div class=\"siteorigin-panels-stretch panel-row-style panel-row-style-for-418-0\" id=\"testimonials\" data-stretch-type=\"full\" ><div id=\"pgc-418-0-0\"  class=\"panel-grid-cell\" ><div id=\"panel-418-0-0-0\" class=\"so-panel widget widget_sow-headline panel-first-child\" data-index=\"0\" ><div class=\"so-widget-sow-headline so-widget-sow-headline-default-2a1213cce088\"><div class=\"sow-headline-container \">\n\t<h1 class='sow-headline'><b>DATENSCHUTZERKL\u00c4RUNG<\/b><\/h1><\/div><\/div><\/div><div id=\"panel-418-0-0-1\" class=\"so-panel widget widget_sow-editor panel-last-child\" data-index=\"1\" ><div class=\"panel-widget-style panel-widget-style-for-418-0-0-1\" ><div class=\"so-widget-sow-editor so-widget-sow-editor-base\">\n<div class=\"siteorigin-widget-tinymce textwidget\">\n\t<p>Erkl\u00e4rung zur Informationspflicht<\/p>\n<p><strong>(Datenschutzerkl\u00e4rung)<\/strong><\/p>\n<p>&nbsp;<\/p>\n<p>Der Schutz Ihrer pers\u00f6nlichen Daten ist uns ein besonderes Anliegen. Wir verarbeiten Ihre Daten daher ausschlie\u00dflich auf Grundlage der gesetzlichen Bestimmungen (DSGVO, TKG 2003). In diesen Datenschutzinformationen informieren wir Sie \u00fcber die wichtigsten Aspekte der Datenverarbeitung im Rahmen unserer Website.<\/p>\n<p>&nbsp;<\/p>\n<p><strong>Datenerhebung<\/strong>.<\/p>\n<p>Wenn Sie per E-mail oder telefonisch Kontakt mit uns aufnehmen, werden Ihre angegebenen Daten zwecks Bearbeitung der Anfrage und f\u00fcr den Fall von Anschlussfragen sechs Monate bei uns gespeichert. Wir geben diese nicht ohne Ihre Einwilligung weiter.<\/p>\n<p>&nbsp;<\/p>\n<p>Wir verarbeiten jene <em>Personaldaten<\/em>, die Sie uns als Kunde und Lieferant bei der Vertragserf\u00fcllung zur Verf\u00fcgung stellen. Dazu geh\u00f6ren etwa: Name, Firmenwortlaut, UID-Nummer, Adresse, Ansprechperson, Lieferadresse, Telefonnummer (Handynummer), Emailadresse, Geburtsdatum, Zahlungsmethode und Bankdaten (IBAN, BIC). Zudem verarbeiten wir Daten \u00fcber die Art und die Erf\u00fcllung Ihres Vertragsverh\u00e4ltnisses.<\/p>\n<p>&nbsp;<\/p>\n<p>Unsere gesamten Daten werden im Warenwirtschaftsprogramm der JTL-Software GmbH, D-41836 H\u00fcckelhoven, Rheinstra\u00dfe 7 gespeichert. Zus\u00e4tzlich erfolgen regelm\u00e4\u00dfig Daten-Backups in \u201eClouds\u201c unserer Softwarepartner.<\/p>\n<p>&nbsp;<\/p>\n<p>Wir werden Ihre Daten an Dritte nur weitergegeben bzw. \u00fcbermitteln, wenn dies zum Zweck der Vertragsabwicklung oder zu Abrechnungszwecken erforderlich ist oder Sie zuvor eingewilligt haben.<\/p>\n<p>&nbsp;<\/p>\n<p><strong>Datenverarbeitung<\/strong>.<\/p>\n<p>Ihre Personaldaten und die Daten \u00fcber Ihr Vertragsverh\u00e4ltnis verarbeiten wir f\u00fcr das Erbringen der vereinbarten Lieferung bzw. sonstigen vereinbarten Leistung (Verarbeitungszweck). Die Verarbeitung dieser Daten sind zum Abschluss des Vertrages und zur Vertragsabwicklung erforderlich. Die Verarbeitung ist nach Art 6 Abs 1 lit b Datenschutz-Grundverordnung zul\u00e4ssig.<\/p>\n<p>&nbsp;<\/p>\n<p>Wir haben vor Abschluss des Vertrages und w\u00e4hrend der Vertragsabwicklung ein berechtigtes Interesse, Informationen \u00fcber Ihre Bonit\u00e4t zu erhalten. Wir k\u00f6nnen Ihre Personaldaten dazu verwenden, um Ausk\u00fcnfte \u00fcber Ihre Bonit\u00e4t bei beh\u00f6rdlich befugten Kreditschutzverb\u00e4nden und Kreditinstituten einzuholen. Bei dieser Auskunft handelt es sich um Profiling, bei dem uns die Kreditschutzverb\u00e4nde und Kreditinstitute auf Basis der \u00fcbermittelten Daten eine Einsch\u00e4tzung Ihrer Bonit\u00e4t geben. Wenn Ihre Bonit\u00e4t zu gering ist oder Informationen fehlen, behalten wir uns vor, keinen Vertrag abzuschlie\u00dfen oder zus\u00e4tzliche Sicherheiten einzuholen. Die Verarbeitung ist nach Art 6 Abs 1 lit f Datenschutz-Grundverordnung zul\u00e4ssig.<\/p>\n<p>&nbsp;<\/p>\n<p>Wenn Sie uns eine entsprechende Einwilligung erteilt haben, werden wir Ihre Personaldaten nach der Beendigung unseres Vertragsverh\u00e4ltnisses dazu nutzen, Ihnen Informationen \u00fcber unsere Dienstleistungen zu \u00fcbermitteln (etwa \u00fcber einen Newsletter).<\/p>\n<p>&nbsp;<\/p>\n<p><strong>Video\u00fcberwachung<\/strong><strong>.<\/strong><\/p>\n<p>F\u00fcr die Sicherheit unseres Eigentums wird unser B\u00fcro und die Lagerhalle video\u00fcberacht. Das B\u00fcro und die Lagerhalle werden ausschlie\u00dflich von uns genutzt.<\/p>\n<p>&nbsp;<\/p>\n<p>Die Video\u00fcberwachung ist aus unseren \u00fcberwiegenden berechtigten Interessen zul\u00e4ssig und verh\u00e4ltnism\u00e4\u00dfig und dient unserem vorbeugenden Schutz vor Eigentumsdelikten. In unserem B\u00fcro und der Lagerhalle besteht wegen der exponierten Lage ein abstrakt h\u00f6heres Risiko f\u00fcr Eigentumsdelikte. Ein gelinderes Mittel f\u00fcr diesen Schutz steht nicht zur Verf\u00fcgung. Die Video\u00fcberwachung ist gem\u00e4\u00df \u00a7 12 Abs 3 Ziffer 1 und Ziffer 2 Datenschutz-Anpassungsgesetz 2018 zul\u00e4ssig. Wir haben geeignete Datensicherheitsma\u00dfnahmen gegen einen Eingriff in die Video\u00fcberwachung ergriffen und Vorkehrungen gegen einen unberechtigten Zugang und nachtr\u00e4gliche Ver\u00e4nderungen der Videoaufzeichnung getroffen.<\/p>\n<p>&nbsp;<\/p>\n<p><strong>Cookies<\/strong><\/p>\n<p>Unsere Website verwendet so genannte Cookies. Dabei handelt es sich um kleine Textdateien, die mit Hilfe des Browsers auf Ihrem Endger\u00e4t abgelegt werden. Sie richten keinen Schaden an.<\/p>\n<p>&nbsp;<\/p>\n<p>Wir nutzen Cookies dazu, unser Angebot nutzerfreundlich zu gestalten. Einige Cookies bleiben auf Ihrem Endger\u00e4t gespeichert, bis Sie diese l\u00f6schen. Sie erm\u00f6glichen es uns, Ihren Browser beim n\u00e4chsten Besuch wiederzuerkennen.<\/p>\n<p>Wenn Sie dies nicht w\u00fcnschen, so k\u00f6nnen Sie Ihren Browser so einrichten, dass er Sie \u00fcber das Setzen von Cookies informiert und Sie dies nur im Einzelfall erlauben. Bei der Deaktivierung von Cookies kann die Funktionalit\u00e4t unserer Website eingeschr\u00e4nkt sein.<\/p>\n<p>&nbsp;<\/p>\n<p>Web-Analyse<\/p>\n<p>Soweit Sie Ihre Einwilligung erkl\u00e4rt haben, wird auf dieser Website Google Analytics eingesetzt, einen Webanalysedienst der Google Inc. (Google). Die Nutzung umfasst die Betriebsart Universal Analytics. Hierdurch ist es m\u00f6glich, Daten, Sitzungen und Interaktionen \u00fcber mehrere Ger\u00e4te hinweg einer pseudonymen User-ID zuzuordnen und so die Aktivit\u00e4ten eines Nutzers ger\u00e4te\u00fcbergreifend zu analysieren.<\/p>\n<p>&nbsp;<\/p>\n<p>Google Analytics verwendet sog. Cookies, Textdateien, die auf Ihrem Computer gespeichert werden und die eine Analyse der Benutzung der Website durch Sie erm\u00f6glichen. Die durch das Cookie erzeugten Informationen \u00fcber Ihre Benutzung dieser Website werden in der Regel an einen Server von Google in den USA \u00fcbertragen und dort gespeichert. Im Falle der Aktivierung der IP-Anonymisierung auf dieser Website, wird Ihre IP-Adresse von Google jedoch innerhalb von Mitgliedstaaten der Europ\u00e4ischen Union oder in anderen Vertragsstaaten des Abkommens \u00fcber den Europ\u00e4ischen Wirtschaftsraum zuvor gek\u00fcrzt. Nur in Ausnahmef\u00e4llen wird die volle IP-Adresse an einen Server von Google in den USA \u00fcbertragen und dort gek\u00fcrzt. Wir weisen Sie darauf hin, dass auf dieser Webseite Google Analytics um eine IP-Anonymisierung erweitert wurde, um eine anonymisierte Erfassung von IP-Adressen (sog. IP-Masking) zu gew\u00e4hrleisten. Die im Rahmen von Google Analytics von Ihrem Browser \u00fcbermittelte IP-Adresse wird nicht mit anderen Daten von Google zusammengef\u00fchrt. N\u00e4here Informationen zu Nutzungsbedingungen und Datenschutz finden Sie unter <a href=\"https:\/\/www.google.com\/analytics\/terms\/de.html\">https:\/\/www.google.com\/analytics\/terms\/de.html<\/a> bzw. unter <a href=\"https:\/\/policies.google.com\/?hl=de\">https:\/\/policies.google.com\/?hl=de<\/a>.<\/p>\n<p>&nbsp;<\/p>\n<p>Im Auftrag des Betreibers dieser Website wird Google diese Informationen benutzen, um Ihre Nutzung der Website auszuwerten, um Reports \u00fcber die Websiteaktivit\u00e4ten zusammenzustellen und um weitere mit der Websitenutzung und der Internetnutzung verbundene Dienstleistungen gegen\u00fcber dem Websitebetreiber zu erbringen<\/p>\n<p>&nbsp;<\/p>\n<p>Die Rechtsgrundlage f\u00fcr den Einsatz von Google Analytics ist ihre Einwilligung gem\u00e4\u00df Art. 6 Abs. 1 S.1 lit. a DSGVO Die Datenverarbeitung erfolgt auf Grundlage der gesetzlichen Bestimmung des \u00a7 96 Abs 3 TKG sowie des \u00a7 6 Abs 1 lit f DSGVO. Unser berechtigtes Interesse ist die Verbesserung unseres Angebotes und unseres Webauftritts.<\/p>\n<p>&nbsp;<\/p>\n<p>Der Empf\u00e4nger der erhobenen Daten ist Google.<\/p>\n<p>&nbsp;<\/p>\n<p>Die personenbezogenen Daten werden unter dem EU-US Privacy Shield auf Grundlage des Angemessenheitsbeschlusses der Europ\u00e4ischen Kommission in die USA \u00fcbermittelt. Das Zertifikat k\u00f6nnen Sie unter <a href=\"https:\/\/www.privacyshield.gov\/participant?id=a2zt000000001L5AAI\">https:\/\/www.privacyshield.gov\/participant?id=a2zt000000001L5AAI<\/a> abrufen.<\/p>\n<p>&nbsp;<\/p>\n<p>Die von uns gesendeten und mit Cookies, Nutzerkennungen (z. B. User-ID) oder Werbe-IDs verkn\u00fcpften Daten werden nach 14 Monaten automatisch gel\u00f6scht. Die L\u00f6schung von Daten, deren Aufbewahrungsdauer erreicht ist, erfolgt automatisch einmal im Monat.<\/p>\n<p>&nbsp;<\/p>\n<p>Sie k\u00f6nnen Ihre Einwilligung jederzeit mit Wirkung f\u00fcr die Zukunft widerrufen, indem Sie die Speicherung der Cookies durch eine entsprechende Einstellung Ihrer Browser-Software verhindern; wir weisen Sie jedoch darauf hin, dass Sie in diesem Fall gegebenenfalls nicht s\u00e4mtliche Funktionen dieser Website vollumf\u00e4nglich werden nutzen k\u00f6nnen.<\/p>\n<p>&nbsp;<\/p>\n<p>Sie k\u00f6nnen dar\u00fcber hinaus die Erfassung der durch das Cookie erzeugten und auf Ihre Nutzung der Website bezogenen Daten (inkl. Ihrer IP-Adresse) an Google sowie die Verarbeitung dieser Daten durch Google verhindern, indem Sie das <a href=\"https:\/\/tools.google.com\/dlpage\/gaoptout?hl=de\">https:\/\/tools.google.com\/dlpage\/gaoptout?hl=de<\/a> Browser-Add-on herunterladen und installieren. Opt-Out-Cookies verhindern die zuk\u00fcnftige Erfassung Ihrer Daten beim Besuch dieser Website. Um die Erfassung durch Universal Analytics \u00fcber verschiedene Ger\u00e4te hinweg zu verhindern, m\u00fcssen Sie das Opt-Out auf allen genutzten Systemen durchf\u00fchren.<\/p>\n<p><strong>\u00a0<\/strong><\/p>\n<p><strong>Newsletter<\/strong><\/p>\n<p>Sie haben die M\u00f6glichkeit, \u00fcber unsere Website unseren Newsletter zu abonnieren. Hierf\u00fcr ben\u00f6tigen wir Ihre E-Mail-Adresse und Ihre Erkl\u00e4rung, dass Sie mit dem Bezug des Newsletters einverstanden sind.<\/p>\n<p>Um Sie zielgerichtet mit Informationen zu versorgen, erheben und verarbeiten wir au\u00dferdem freiwillig gemachte Angaben zu Interessengebieten, Geburtstag, Postleitzahl und Anschrift.<\/p>\n<p>Das Abo des Newsletters k\u00f6nnen Sie jederzeit stornieren. Senden Sie Ihre Stornierung bitte an folgende E-Mail-Adresse: <a href=\"mailto:office@168.119.118.228\">office@168.119.118.228<\/a> . Wir l\u00f6schen anschlie\u00dfend umgehend Ihre Daten im Zusammenhang mit dem Newsletter-Versand.<\/p>\n<p>&nbsp;<\/p>\n<p><strong>Datensicherheit<\/strong>.<\/p>\n<p>Wir weisen Sie darauf hin, dass alle Informationen, die Sie freiwillig \u00fcber das Internet freigeben, potentiell abgefangen werden k\u00f6nnen. Aus diesem Grund k\u00f6nnen wir f\u00fcr die Offenlegung von Informationen aufgrund von Fehlern bei der Daten\u00fcbertragung und\/oder unautorisiertem Zugriff durch Dritte keine Verantwortung oder Haftung \u00fcbernehmen.<\/p>\n<p>&nbsp;<\/p>\n<p>Wir sind bem\u00fcht, Ihre Daten entsprechend den aktuellen Sicherheitsstandards zu sch\u00fctzen. Dazu k\u00f6nnen befugte Einzelpersonen in angemessenem Rahmen Zugriff auf die gespeicherten Daten erhalten, um diese Daten zu \u00fcberpr\u00fcfen, zu korrigieren, zu anonymisieren, zu sperren oder zu l\u00f6schen.<\/p>\n<p>&nbsp;<\/p>\n<p><strong>L\u00f6schung<\/strong>.<\/p>\n<p>Wir l\u00f6schen Ihre Daten grunds\u00e4tzlich nach der Beendigung des Vertragsverh\u00e4ltnisses, sp\u00e4testens jedoch nach Erl\u00f6schen aller gesetzlichen Aufbewahrungspflichten. Bei m\u00f6glichen Schadenersatzanspr\u00fcchen k\u00f6nnen wir Ihre Daten 30 Jahre lang speichern (\u201elange Verj\u00e4hrungsfrist\u201c). Es besteht die M\u00f6glichkeit, dass anstatt einer L\u00f6schung eine Anonymisierung der Daten vorgenommen wird. In diesem Fall wird jeder Personenbezug der Daten unwiderruflich entfernt, weshalb datenschutzrechtlich keine L\u00f6schungsverpflichtung besteht.<\/p>\n<p>&nbsp;<\/p>\n<p><strong>Ihre Rechte:<\/strong><\/p>\n<p>&nbsp;<\/p>\n<p><strong>Auskunftsrecht<\/strong>: Sie k\u00f6nnen von uns eine Best\u00e4tigung dar\u00fcber verlangen, ob und in welchem Ausma\u00df wir Ihre Daten verarbeiten.<\/p>\n<p>&nbsp;<\/p>\n<p><strong>Recht auf Berichtigung<\/strong>: Verarbeiten wir Ihre personenbezogenen Daten, welche unvollst\u00e4ndig oder unrichtig sind, so k\u00f6nnen Sie jederzeit deren Berichtigung bzw. deren Vervollst\u00e4ndigung verlangen.<\/p>\n<p>&nbsp;<\/p>\n<p><strong>Recht auf L\u00f6schung<\/strong>: Sie k\u00f6nnen von uns die L\u00f6schung Ihrer personenbezogenen Daten verlangen, wenn wir diese unrechtm\u00e4\u00dfig verarbeiten oder die Verarbeitung unverh\u00e4ltnism\u00e4\u00dfig in Ihre berechtigten Schutzinteressen eingreift. Es kann Gr\u00fcnde geben, die einer sofortigen L\u00f6schung entgegenstehen (etwa gesetzlich geregelte Aufbewahrungspflichten).<\/p>\n<p>&nbsp;<\/p>\n<p><strong>Recht auf Einschr\u00e4nkung der Verarbeitung<\/strong>:<\/p>\n<p>Sie k\u00f6nnen von uns die Einschr\u00e4nkung der Verarbeitung Ihrer Daten verlangen, wenn<\/p>\n<p>&nbsp;<\/p>\n<ul>\n<li>Sie die Richtigkeit der Daten f\u00fcr eine Dauer bestreiten, die es uns erm\u00f6glicht, die Richtigkeit der Daten zu \u00fcberpr\u00fcfen,<\/li>\n<li>die Verarbeitung der Daten unrechtm\u00e4\u00dfig ist, Sie aber eine L\u00f6schung ablehnen und stattdessen eine Einschr\u00e4nkung der Datennutzung verlangen,<\/li>\n<li>wir die Daten f\u00fcr den vorgesehenen Zweck nicht mehr ben\u00f6tigen, Sie diese Daten aber noch zur Geltendmachung oder Verteidigung von Rechtsanspr\u00fcchen ben\u00f6tigen,<\/li>\n<li>Sie Widerspruch gegen die Verarbeitung der Daten erhoben haben.<\/li>\n<\/ul>\n<p>&nbsp;<\/p>\n<p>Dieses Recht k\u00f6nnen Sie ab dem 25. Mai 2018 in Anspruch nehmen.<\/p>\n<p>&nbsp;<\/p>\n<p><strong>Recht auf Daten\u00fcbertragbarkeit<\/strong>: Sie k\u00f6nnen von uns verlangen, dass wir Ihnen Ihre Daten, die Sie uns zur Aufbewahrung anvertraut haben, in einem strukturierten, g\u00e4ngigen und maschinenlesbaren Format zur Verf\u00fcgung stellen.<\/p>\n<p>&nbsp;<\/p>\n<p>Dieses Recht k\u00f6nnen Sie ab dem 25. Mai 2018 in Anspruch nehmen.<\/p>\n<p>&nbsp;<\/p>\n<p><strong>Widerspruchsrecht<\/strong>: Verarbeiten wir Daten zur Wahrnehmung von im \u00f6ffentlichen Interesse liegenden Aufgaben, zur Aus\u00fcbung \u00f6ffentlicher Gewalt oder berufen wir uns bei der Verarbeitung auf die Notwendigkeit zur Wahrung unseres berechtigten Interesses, k\u00f6nnen Sie gegen diese Datenverarbeitung Widerspruch erheben. Der Widerspruch ist berechtigt, wenn Sie ein berechtigtes Schutzinteresse an Ihren Daten haben.<\/p>\n<p>&nbsp;<\/p>\n<p><strong>Beschwerderecht<\/strong>: Wenn Sie der Meinung sind, dass wir bei der Verarbeitung Ihrer Daten gegen Datenschutzrecht versto\u00dfen, bitten wir Sie, mit uns Kontakt aufzunehmen. Sie haben nat\u00fcrlich auch die M\u00f6glichkeit, sich bei der \u00f6sterreichischen Datenschutzbeh\u00f6rde, ab dem 25. Mai 2018 auch bei der Aufsichtsbeh\u00f6rde innerhalb der EU, zu beschweren.<\/p>\n<p>&nbsp;<\/p>\n<p>Wenn wir Zweifel \u00fcber Ihre Identit\u00e4t haben, k\u00f6nnen wir zus\u00e4tzliche Informationen anfordern. Bitte beachten Sie, dass wir bei offenkundig unbegr\u00fcndeten oder besonders h\u00e4ufig wahrgenommenen Rechten ein angemessenes Bearbeitungsentgelt verlangen oder die Bearbeitung Ihres Antrags verweigern k\u00f6nnen.<\/p>\n<p>&nbsp;<\/p>\n<p>&nbsp;<\/p>\n<p><strong>Sie erreichen uns unter folgenden Kontaktdaten<\/strong>:<\/p>\n<p>PRS Trading GmbH, Industriestrasse 1, 2100 Korneuburg \u00d6sterreich<\/p>\n<p>Email: <a href=\"mailto:office@168.119.118.228\">office@168.119.118.228<\/a><\/p>\n<p>Tel.: +43 699 14 18 39 41<\/p>\n<p>&nbsp;<\/p>\n<p>PRS Trading GmbH<\/p>\n<p>&nbsp;<\/p>\n<\/div>\n<\/div><\/div><\/div><\/div><\/div><\/div><\/div>","protected":false},"excerpt":{"rendered":"<p>DATENSCHUTZERKL\u00c4RUNG Erkl\u00e4rung zur Informationspflicht (Datenschutzerkl\u00e4rung) &nbsp; Der Schutz Ihrer pers\u00f6nlichen Daten ist uns ein besonderes Anliegen. Wir verarbeiten Ihre Daten daher ausschlie\u00dflich auf Grundlage der gesetzlichen Bestimmungen (DSGVO, TKG 2003). In diesen Datenschutzinformationen informieren wir Sie \u00fcber die wichtigsten Aspekte der Datenverarbeitung im Rahmen unserer Website. &nbsp; Datenerhebung. Wenn Sie per E-mail oder telefonisch Kontakt [&hellip;]<\/p>\n","protected":false},"author":1,"featured_media":0,"parent":0,"menu_order":0,"comment_status":"closed","ping_status":"closed","template":"","meta":[],"_links":{"self":[{"href":"https:\/\/www.prstrading.eu\/de\/wp-json\/wp\/v2\/pages\/418"}],"collection":[{"href":"https:\/\/www.prstrading.eu\/de\/wp-json\/wp\/v2\/pages"}],"about":[{"href":"https:\/\/www.prstrading.eu\/de\/wp-json\/wp\/v2\/types\/page"}],"author":[{"embeddable":true,"href":"https:\/\/www.prstrading.eu\/de\/wp-json\/wp\/v2\/users\/1"}],"replies":[{"embeddable":true,"href":"https:\/\/www.prstrading.eu\/de\/wp-json\/wp\/v2\/comments?post=418"}],"version-history":[{"count":16,"href":"https:\/\/www.prstrading.eu\/de\/wp-json\/wp\/v2\/pages\/418\/revisions"}],"predecessor-version":[{"id":434,"href":"https:\/\/www.prstrading.eu\/de\/wp-json\/wp\/v2\/pages\/418\/revisions\/434"}],"wp:attachment":[{"href":"https:\/\/www.prstrading.eu\/de\/wp-json\/wp\/v2\/media?parent=418"}],"curies":[{"name":"wp","href":"https:\/\/api.w.org\/{rel}","templated":true}]}}